{"id":987,"date":"2021-09-28T13:19:11","date_gmt":"2021-09-28T13:19:11","guid":{"rendered":"https:\/\/cafemacondo.es\/?page_id=987"},"modified":"2022-06-12T10:20:43","modified_gmt":"2022-06-12T10:20:43","slug":"reservas","status":"publish","type":"page","link":"https:\/\/cafemacondo.es\/index.php\/reservas\/","title":{"rendered":"RESERVAS"},"content":{"rendered":"\t\t<div data-elementor-type=\"wp-page\" data-elementor-id=\"987\" class=\"elementor elementor-987\">\n\t\t\t\t\t\t<section class=\"elementor-section elementor-top-section elementor-element elementor-element-52a0dadd elementor-section-boxed elementor-section-height-default elementor-section-height-default\" data-id=\"52a0dadd\" data-element_type=\"section\" data-settings=\"{&quot;background_background&quot;:&quot;classic&quot;}\">\n\t\t\t\t\t\t\t<div class=\"elementor-background-overlay\"><\/div>\n\t\t\t\t\t\t\t<div class=\"elementor-container elementor-column-gap-no\">\n\t\t\t\t\t<div class=\"elementor-column elementor-col-100 elementor-top-column elementor-element elementor-element-3a0437b9\" data-id=\"3a0437b9\" data-element_type=\"column\">\n\t\t\t<div class=\"elementor-widget-wrap elementor-element-populated\">\n\t\t\t\t\t\t<div class=\"elementor-element elementor-element-5906780b elementor-widget elementor-widget-heading\" data-id=\"5906780b\" data-element_type=\"widget\" data-widget_type=\"heading.default\">\n\t\t\t\t<div class=\"elementor-widget-container\">\n\t\t\t\t\t<h1 class=\"elementor-heading-title elementor-size-default\">RESERVAS<\/h1>\t\t\t\t<\/div>\n\t\t\t\t<\/div>\n\t\t\t\t\t<\/div>\n\t\t<\/div>\n\t\t\t\t\t<\/div>\n\t\t<\/section>\n\t\t\t\t<section class=\"elementor-section elementor-top-section elementor-element elementor-element-642f5c64 elementor-section-boxed elementor-section-height-default elementor-section-height-default\" data-id=\"642f5c64\" data-element_type=\"section\">\n\t\t\t\t\t\t<div class=\"elementor-container elementor-column-gap-no\">\n\t\t\t\t\t<div class=\"elementor-column elementor-col-100 elementor-top-column elementor-element elementor-element-59c40e00\" data-id=\"59c40e00\" data-element_type=\"column\">\n\t\t\t<div class=\"elementor-widget-wrap elementor-element-populated\">\n\t\t\t\t\t\t<div class=\"elementor-element elementor-element-1fe8d73 elementor-widget elementor-widget-icon-box\" data-id=\"1fe8d73\" data-element_type=\"widget\" data-widget_type=\"icon-box.default\">\n\t\t\t\t<div class=\"elementor-widget-container\">\n\t\t\t\t\t\t\t<div class=\"elementor-icon-box-wrapper\">\n\n\t\t\t\n\t\t\t\t\t\t<div class=\"elementor-icon-box-content\">\n\n\t\t\t\t\t\t\t\t\t<h1 class=\"elementor-icon-box-title\">\n\t\t\t\t\t\t<span  >\n\t\t\t\t\t\t\t<br>Tel\u00e9fono\t\t\t\t\t\t<\/span>\n\t\t\t\t\t<\/h1>\n\t\t\t\t\n\t\t\t\t\t\t\t\t\t<p class=\"elementor-icon-box-description\">\n\t\t\t\t\t\tPara realizar tu reserva, por favor, ll\u00e1manos por tel\u00e9fono al<br><br><h3><b>871 871 207<\/b><\/h3>\t\t\t\t\t<\/p>\n\t\t\t\t\n\t\t\t<\/div>\n\t\t\t\n\t\t<\/div>\n\t\t\t\t\t\t<\/div>\n\t\t\t\t<\/div>\n\t\t\t\t<div class=\"elementor-element elementor-element-78953ae6 elementor-widget elementor-widget-icon-box\" data-id=\"78953ae6\" data-element_type=\"widget\" data-widget_type=\"icon-box.default\">\n\t\t\t\t<div class=\"elementor-widget-container\">\n\t\t\t\t\t\t\t<div class=\"elementor-icon-box-wrapper\">\n\n\t\t\t\n\t\t\t\t\t\t<div class=\"elementor-icon-box-content\">\n\n\t\t\t\t\n\t\t\t\t\t\t\t\t\t<p class=\"elementor-icon-box-description\">\n\t\t\t\t\t\tSi tienes alguna consulta, puedes llamarnos por tel\u00e9fono o contactar con nosotros por redes sociales. <b>Las reservas las gestionaremos \u00fanicamente por tel\u00e9fono<\/b>. \u00a1Gracias!\t\t\t\t\t<\/p>\n\t\t\t\t\n\t\t\t<\/div>\n\t\t\t\n\t\t<\/div>\n\t\t\t\t\t\t<\/div>\n\t\t\t\t<\/div>\n\t\t\t\t\t<\/div>\n\t\t<\/div>\n\t\t\t\t\t<\/div>\n\t\t<\/section>\n\t\t\t\t<\/div>\n\t\t","protected":false},"excerpt":{"rendered":"<p>RESERVAS Tel\u00e9fono Para realizar tu reserva, por favor, ll\u00e1manos por tel\u00e9fono al 871 871 207 Si tienes alguna consulta, puedes llamarnos por tel\u00e9fono o contactar con nosotros por redes sociales. Las reservas las gestionaremos \u00fanicamente por tel\u00e9fono. \u00a1Gracias!<\/p>\n","protected":false},"author":1,"featured_media":0,"parent":0,"menu_order":0,"comment_status":"closed","ping_status":"closed","template":"","meta":{"site-sidebar-layout":"no-sidebar","site-content-layout":"page-builder","ast-site-content-layout":"","site-content-style":"default","site-sidebar-style":"default","ast-global-header-display":"","ast-banner-title-visibility":"","ast-main-header-display":"","ast-hfb-above-header-display":"","ast-hfb-below-header-display":"","ast-hfb-mobile-header-display":"","site-post-title":"disabled","ast-breadcrumbs-content":"","ast-featured-img":"disabled","footer-sml-layout":"","theme-transparent-header-meta":"default","adv-header-id-meta":"","stick-header-meta":"","header-above-stick-meta":"","header-main-stick-meta":"","header-below-stick-meta":"","astra-migrate-meta-layouts":"","footnotes":""},"class_list":["post-987","page","type-page","status-publish","hentry"],"yoast_head":"<!-- This site is optimized with the Yoast SEO plugin v26.7 - https:\/\/yoast.com\/wordpress\/plugins\/seo\/ -->\n<title>RESERVAS - CAF\u00c9 MACONDO<\/title>\n<meta name=\"robots\" content=\"index, follow, max-snippet:-1, max-image-preview:large, max-video-preview:-1\" \/>\n<link rel=\"canonical\" href=\"https:\/\/cafemacondo.es\/index.php\/reservas\/\" \/>\n<meta property=\"og:locale\" content=\"es_ES\" \/>\n<meta property=\"og:type\" content=\"article\" \/>\n<meta property=\"og:title\" content=\"RESERVAS - CAF\u00c9 MACONDO\" \/>\n<meta property=\"og:description\" content=\"RESERVAS Tel\u00e9fono Para realizar tu reserva, por favor, ll\u00e1manos por tel\u00e9fono al 871 871 207 Si tienes alguna consulta, puedes llamarnos por tel\u00e9fono o contactar con nosotros por redes sociales. Las reservas las gestionaremos \u00fanicamente por tel\u00e9fono. \u00a1Gracias!\" \/>\n<meta property=\"og:url\" content=\"https:\/\/cafemacondo.es\/index.php\/reservas\/\" \/>\n<meta property=\"og:site_name\" content=\"CAF\u00c9 MACONDO\" \/>\n<meta property=\"article:modified_time\" content=\"2022-06-12T10:20:43+00:00\" \/>\n<meta name=\"twitter:card\" content=\"summary_large_image\" \/>\n<meta name=\"twitter:label1\" content=\"Tiempo de lectura\" \/>\n\t<meta name=\"twitter:data1\" content=\"1 minuto\" \/>\n<script type=\"application\/ld+json\" class=\"yoast-schema-graph\">{\"@context\":\"https:\/\/schema.org\",\"@graph\":[{\"@type\":\"WebPage\",\"@id\":\"https:\/\/cafemacondo.es\/index.php\/reservas\/\",\"url\":\"https:\/\/cafemacondo.es\/index.php\/reservas\/\",\"name\":\"RESERVAS - CAF\u00c9 MACONDO\",\"isPartOf\":{\"@id\":\"https:\/\/cafemacondo.es\/#website\"},\"datePublished\":\"2021-09-28T13:19:11+00:00\",\"dateModified\":\"2022-06-12T10:20:43+00:00\",\"breadcrumb\":{\"@id\":\"https:\/\/cafemacondo.es\/index.php\/reservas\/#breadcrumb\"},\"inLanguage\":\"es\",\"potentialAction\":[{\"@type\":\"ReadAction\",\"target\":[\"https:\/\/cafemacondo.es\/index.php\/reservas\/\"]}]},{\"@type\":\"BreadcrumbList\",\"@id\":\"https:\/\/cafemacondo.es\/index.php\/reservas\/#breadcrumb\",\"itemListElement\":[{\"@type\":\"ListItem\",\"position\":1,\"name\":\"Portada\",\"item\":\"https:\/\/cafemacondo.es\/\"},{\"@type\":\"ListItem\",\"position\":2,\"name\":\"RESERVAS\"}]},{\"@type\":\"WebSite\",\"@id\":\"https:\/\/cafemacondo.es\/#website\",\"url\":\"https:\/\/cafemacondo.es\/\",\"name\":\"CAF\u00c9 MACONDO\",\"description\":\"\",\"potentialAction\":[{\"@type\":\"SearchAction\",\"target\":{\"@type\":\"EntryPoint\",\"urlTemplate\":\"https:\/\/cafemacondo.es\/?s={search_term_string}\"},\"query-input\":{\"@type\":\"PropertyValueSpecification\",\"valueRequired\":true,\"valueName\":\"search_term_string\"}}],\"inLanguage\":\"es\"}]}<\/script>\n<!-- \/ Yoast SEO plugin. -->","yoast_head_json":{"title":"RESERVAS - CAF\u00c9 MACONDO","robots":{"index":"index","follow":"follow","max-snippet":"max-snippet:-1","max-image-preview":"max-image-preview:large","max-video-preview":"max-video-preview:-1"},"canonical":"https:\/\/cafemacondo.es\/index.php\/reservas\/","og_locale":"es_ES","og_type":"article","og_title":"RESERVAS - CAF\u00c9 MACONDO","og_description":"RESERVAS Tel\u00e9fono Para realizar tu reserva, por favor, ll\u00e1manos por tel\u00e9fono al 871 871 207 Si tienes alguna consulta, puedes llamarnos por tel\u00e9fono o contactar con nosotros por redes sociales. Las reservas las gestionaremos \u00fanicamente por tel\u00e9fono. \u00a1Gracias!","og_url":"https:\/\/cafemacondo.es\/index.php\/reservas\/","og_site_name":"CAF\u00c9 MACONDO","article_modified_time":"2022-06-12T10:20:43+00:00","twitter_card":"summary_large_image","twitter_misc":{"Tiempo de lectura":"1 minuto"},"schema":{"@context":"https:\/\/schema.org","@graph":[{"@type":"WebPage","@id":"https:\/\/cafemacondo.es\/index.php\/reservas\/","url":"https:\/\/cafemacondo.es\/index.php\/reservas\/","name":"RESERVAS - CAF\u00c9 MACONDO","isPartOf":{"@id":"https:\/\/cafemacondo.es\/#website"},"datePublished":"2021-09-28T13:19:11+00:00","dateModified":"2022-06-12T10:20:43+00:00","breadcrumb":{"@id":"https:\/\/cafemacondo.es\/index.php\/reservas\/#breadcrumb"},"inLanguage":"es","potentialAction":[{"@type":"ReadAction","target":["https:\/\/cafemacondo.es\/index.php\/reservas\/"]}]},{"@type":"BreadcrumbList","@id":"https:\/\/cafemacondo.es\/index.php\/reservas\/#breadcrumb","itemListElement":[{"@type":"ListItem","position":1,"name":"Portada","item":"https:\/\/cafemacondo.es\/"},{"@type":"ListItem","position":2,"name":"RESERVAS"}]},{"@type":"WebSite","@id":"https:\/\/cafemacondo.es\/#website","url":"https:\/\/cafemacondo.es\/","name":"CAF\u00c9 MACONDO","description":"","potentialAction":[{"@type":"SearchAction","target":{"@type":"EntryPoint","urlTemplate":"https:\/\/cafemacondo.es\/?s={search_term_string}"},"query-input":{"@type":"PropertyValueSpecification","valueRequired":true,"valueName":"search_term_string"}}],"inLanguage":"es"}]}},"jetpack_sharing_enabled":true,"_links":{"self":[{"href":"https:\/\/cafemacondo.es\/index.php\/wp-json\/wp\/v2\/pages\/987","targetHints":{"allow":["GET"]}}],"collection":[{"href":"https:\/\/cafemacondo.es\/index.php\/wp-json\/wp\/v2\/pages"}],"about":[{"href":"https:\/\/cafemacondo.es\/index.php\/wp-json\/wp\/v2\/types\/page"}],"author":[{"embeddable":true,"href":"https:\/\/cafemacondo.es\/index.php\/wp-json\/wp\/v2\/users\/1"}],"replies":[{"embeddable":true,"href":"https:\/\/cafemacondo.es\/index.php\/wp-json\/wp\/v2\/comments?post=987"}],"version-history":[{"count":66,"href":"https:\/\/cafemacondo.es\/index.php\/wp-json\/wp\/v2\/pages\/987\/revisions"}],"predecessor-version":[{"id":1817,"href":"https:\/\/cafemacondo.es\/index.php\/wp-json\/wp\/v2\/pages\/987\/revisions\/1817"}],"wp:attachment":[{"href":"https:\/\/cafemacondo.es\/index.php\/wp-json\/wp\/v2\/media?parent=987"}],"curies":[{"name":"wp","href":"https:\/\/api.w.org\/{rel}","templated":true}]}}