{"id":911,"date":"2021-09-28T09:44:40","date_gmt":"2021-09-28T09:44:40","guid":{"rendered":"https:\/\/cafemacondo.es\/?page_id=911"},"modified":"2021-11-26T10:41:04","modified_gmt":"2021-11-26T10:41:04","slug":"medio-ambiental","status":"publish","type":"page","link":"https:\/\/cafemacondo.es\/index.php\/medio-ambiental\/","title":{"rendered":"MEDIO AMBIENTAL"},"content":{"rendered":"\t\t<div data-elementor-type=\"wp-page\" data-elementor-id=\"911\" class=\"elementor elementor-911\">\n\t\t\t\t\t\t<div class=\"elementor-section elementor-top-section elementor-element elementor-element-7b542f95 elementor-section-boxed elementor-section-height-default elementor-section-height-default\" data-id=\"7b542f95\" data-element_type=\"section\" data-settings=\"{&quot;background_background&quot;:&quot;classic&quot;}\">\n\t\t\t\t\t\t\t<div class=\"elementor-background-overlay\"><\/div>\n\t\t\t\t\t\t\t<div class=\"elementor-container elementor-column-gap-no\">\n\t\t\t\t\t<div class=\"elementor-column elementor-col-100 elementor-top-column elementor-element elementor-element-aed9a62\" data-id=\"aed9a62\" data-element_type=\"column\">\n\t\t\t<div class=\"elementor-widget-wrap elementor-element-populated\">\n\t\t\t\t\t\t<div class=\"elementor-element elementor-element-de694d3 elementor-widget elementor-widget-heading\" data-id=\"de694d3\" data-element_type=\"widget\" data-widget_type=\"heading.default\">\n\t\t\t\t<div class=\"elementor-widget-container\">\n\t\t\t\t\t<h1 class=\"elementor-heading-title elementor-size-default\">MEDIO AMBIENTAL<\/h1>\t\t\t\t<\/div>\n\t\t\t\t<\/div>\n\t\t\t\t\t<\/div>\n\t\t<\/div>\n\t\t\t\t\t<\/div>\n\t\t<\/div>\n\t\t\t\t<section class=\"elementor-section elementor-top-section elementor-element elementor-element-9383e43 elementor-section-boxed elementor-section-height-default elementor-section-height-default\" data-id=\"9383e43\" data-element_type=\"section\">\n\t\t\t\t\t\t<div class=\"elementor-container elementor-column-gap-default\">\n\t\t\t\t\t<div class=\"elementor-column elementor-col-100 elementor-top-column elementor-element elementor-element-25c4e20\" data-id=\"25c4e20\" data-element_type=\"column\">\n\t\t\t<div class=\"elementor-widget-wrap elementor-element-populated\">\n\t\t\t\t\t\t<div class=\"elementor-element elementor-element-04662f1 elementor-widget elementor-widget-heading\" data-id=\"04662f1\" data-element_type=\"widget\" data-widget_type=\"heading.default\">\n\t\t\t\t<div class=\"elementor-widget-container\">\n\t\t\t\t\t<h4 class=\"elementor-heading-title elementor-size-default\"><br>Una de las principales filosof\u00edas de Macondo es crear consciencia del cuidado de nuestro planeta.<br><\/h4>\t\t\t\t<\/div>\n\t\t\t\t<\/div>\n\t\t\t\t\t<\/div>\n\t\t<\/div>\n\t\t\t\t\t<\/div>\n\t\t<\/section>\n\t\t\t\t<section class=\"elementor-section elementor-top-section elementor-element elementor-element-4045226d elementor-section-boxed elementor-section-height-default elementor-section-height-default\" data-id=\"4045226d\" data-element_type=\"section\">\n\t\t\t\t\t\t\t<div class=\"elementor-background-overlay\"><\/div>\n\t\t\t\t\t\t\t<div class=\"elementor-container elementor-column-gap-no\">\n\t\t\t\t\t<div class=\"elementor-column elementor-col-50 elementor-top-column elementor-element elementor-element-451a97d2\" data-id=\"451a97d2\" data-element_type=\"column\">\n\t\t\t<div class=\"elementor-widget-wrap elementor-element-populated\">\n\t\t\t\t\t\t<div class=\"elementor-element elementor-element-36666a15 elementor-position-top elementor-widget elementor-widget-image-box\" data-id=\"36666a15\" data-element_type=\"widget\" data-widget_type=\"image-box.default\">\n\t\t\t\t<div class=\"elementor-widget-container\">\n\t\t\t\t\t<div class=\"elementor-image-box-wrapper\"><figure class=\"elementor-image-box-img\"><img fetchpriority=\"high\" decoding=\"async\" width=\"520\" height=\"390\" src=\"https:\/\/cafemacondo.es\/wp-content\/uploads\/2021\/11\/jardin.jpg\" class=\"attachment-full size-full wp-image-1708\" alt=\"\" srcset=\"https:\/\/cafemacondo.es\/wp-content\/uploads\/2021\/11\/jardin.jpg 520w, https:\/\/cafemacondo.es\/wp-content\/uploads\/2021\/11\/jardin-300x225.jpg 300w\" sizes=\"(max-width: 520px) 100vw, 520px\" \/><\/figure><div class=\"elementor-image-box-content\"><h3 class=\"elementor-image-box-title\">JARD\u00cdN VERTICAL<\/h3><\/div><\/div>\t\t\t\t<\/div>\n\t\t\t\t<\/div>\n\t\t\t\t<div class=\"elementor-element elementor-element-3e3a8f97 elementor-position-top elementor-widget elementor-widget-image-box\" data-id=\"3e3a8f97\" data-element_type=\"widget\" data-widget_type=\"image-box.default\">\n\t\t\t\t<div class=\"elementor-widget-container\">\n\t\t\t\t\t<div class=\"elementor-image-box-wrapper\"><figure class=\"elementor-image-box-img\"><img decoding=\"async\" width=\"520\" height=\"390\" src=\"https:\/\/cafemacondo.es\/wp-content\/uploads\/2021\/11\/sostenible.jpg\" class=\"attachment-full size-full wp-image-1706\" alt=\"\" srcset=\"https:\/\/cafemacondo.es\/wp-content\/uploads\/2021\/11\/sostenible.jpg 520w, https:\/\/cafemacondo.es\/wp-content\/uploads\/2021\/11\/sostenible-300x225.jpg 300w\" sizes=\"(max-width: 520px) 100vw, 520px\" \/><\/figure><div class=\"elementor-image-box-content\"><h3 class=\"elementor-image-box-title\">ENERG\u00cdAS RENOVABLES<\/h3><\/div><\/div>\t\t\t\t<\/div>\n\t\t\t\t<\/div>\n\t\t\t\t\t<\/div>\n\t\t<\/div>\n\t\t\t\t<div class=\"elementor-column elementor-col-50 elementor-top-column elementor-element elementor-element-199f93b2\" data-id=\"199f93b2\" data-element_type=\"column\">\n\t\t\t<div class=\"elementor-widget-wrap elementor-element-populated\">\n\t\t\t\t\t\t<div class=\"elementor-element elementor-element-716edb0d elementor-position-top elementor-widget elementor-widget-image-box\" data-id=\"716edb0d\" data-element_type=\"widget\" data-widget_type=\"image-box.default\">\n\t\t\t\t<div class=\"elementor-widget-container\">\n\t\t\t\t\t<div class=\"elementor-image-box-wrapper\"><figure class=\"elementor-image-box-img\"><img decoding=\"async\" width=\"520\" height=\"390\" src=\"https:\/\/cafemacondo.es\/wp-content\/uploads\/2021\/11\/huerto-urbano.jpg\" class=\"attachment-full size-full wp-image-1705\" alt=\"\" srcset=\"https:\/\/cafemacondo.es\/wp-content\/uploads\/2021\/11\/huerto-urbano.jpg 520w, https:\/\/cafemacondo.es\/wp-content\/uploads\/2021\/11\/huerto-urbano-300x225.jpg 300w\" sizes=\"(max-width: 520px) 100vw, 520px\" \/><\/figure><div class=\"elementor-image-box-content\"><h3 class=\"elementor-image-box-title\">HUERTO  URBANO<\/h3><\/div><\/div>\t\t\t\t<\/div>\n\t\t\t\t<\/div>\n\t\t\t\t<div class=\"elementor-element elementor-element-575ed2dd elementor-position-top elementor-widget elementor-widget-image-box\" data-id=\"575ed2dd\" data-element_type=\"widget\" data-widget_type=\"image-box.default\">\n\t\t\t\t<div class=\"elementor-widget-container\">\n\t\t\t\t\t<div class=\"elementor-image-box-wrapper\"><figure class=\"elementor-image-box-img\"><img loading=\"lazy\" decoding=\"async\" width=\"520\" height=\"390\" src=\"https:\/\/cafemacondo.es\/wp-content\/uploads\/2021\/11\/materiales-reciclados.jpg\" class=\"attachment-full size-full wp-image-1707\" alt=\"\" srcset=\"https:\/\/cafemacondo.es\/wp-content\/uploads\/2021\/11\/materiales-reciclados.jpg 520w, https:\/\/cafemacondo.es\/wp-content\/uploads\/2021\/11\/materiales-reciclados-300x225.jpg 300w\" sizes=\"(max-width: 520px) 100vw, 520px\" \/><\/figure><div class=\"elementor-image-box-content\"><h3 class=\"elementor-image-box-title\">OBJETOS RECICLADOS<\/h3><\/div><\/div>\t\t\t\t<\/div>\n\t\t\t\t<\/div>\n\t\t\t\t\t<\/div>\n\t\t<\/div>\n\t\t\t\t\t<\/div>\n\t\t<\/section>\n\t\t\t\t<section class=\"elementor-section elementor-top-section elementor-element elementor-element-41b471a7 elementor-section-boxed elementor-section-height-default elementor-section-height-default\" data-id=\"41b471a7\" data-element_type=\"section\" data-settings=\"{&quot;background_background&quot;:&quot;classic&quot;}\">\n\t\t\t\t\t\t\t<div class=\"elementor-background-overlay\"><\/div>\n\t\t\t\t\t\t\t<div class=\"elementor-container elementor-column-gap-default\">\n\t\t\t\t\t<div class=\"elementor-column elementor-col-100 elementor-top-column elementor-element elementor-element-25169e7f\" data-id=\"25169e7f\" data-element_type=\"column\">\n\t\t\t<div class=\"elementor-widget-wrap\">\n\t\t\t\t\t\t\t<\/div>\n\t\t<\/div>\n\t\t\t\t\t<\/div>\n\t\t<\/section>\n\t\t\t\t<\/div>\n\t\t","protected":false},"excerpt":{"rendered":"<p>MEDIO AMBIENTAL Una de las principales filosof\u00edas de Macondo es crear consciencia del cuidado de nuestro planeta. JARD\u00cdN VERTICAL ENERG\u00cdAS RENOVABLES HUERTO URBANO OBJETOS RECICLADOS<\/p>\n","protected":false},"author":1,"featured_media":0,"parent":0,"menu_order":0,"comment_status":"closed","ping_status":"closed","template":"","meta":{"site-sidebar-layout":"no-sidebar","site-content-layout":"page-builder","ast-site-content-layout":"","site-content-style":"default","site-sidebar-style":"default","ast-global-header-display":"","ast-banner-title-visibility":"","ast-main-header-display":"","ast-hfb-above-header-display":"","ast-hfb-below-header-display":"","ast-hfb-mobile-header-display":"","site-post-title":"disabled","ast-breadcrumbs-content":"","ast-featured-img":"disabled","footer-sml-layout":"","theme-transparent-header-meta":"default","adv-header-id-meta":"","stick-header-meta":"","header-above-stick-meta":"","header-main-stick-meta":"","header-below-stick-meta":"","astra-migrate-meta-layouts":"","footnotes":""},"class_list":["post-911","page","type-page","status-publish","hentry"],"yoast_head":"<!-- This site is optimized with the Yoast SEO plugin v26.7 - https:\/\/yoast.com\/wordpress\/plugins\/seo\/ -->\n<title>MEDIO AMBIENTAL - CAF\u00c9 MACONDO<\/title>\n<meta name=\"description\" content=\"Caf\u00e9 Macondo Mallorca, Ecofriendly, sostenible, huerto urbano, saludable, productos locales, comida casera, impacto medioambiental\" \/>\n<meta name=\"robots\" content=\"index, follow, max-snippet:-1, max-image-preview:large, max-video-preview:-1\" \/>\n<link rel=\"canonical\" href=\"https:\/\/cafemacondo.es\/index.php\/medio-ambiental\/\" \/>\n<meta property=\"og:locale\" content=\"es_ES\" \/>\n<meta property=\"og:type\" content=\"article\" \/>\n<meta property=\"og:title\" content=\"MEDIO AMBIENTAL - CAF\u00c9 MACONDO\" \/>\n<meta property=\"og:description\" content=\"Caf\u00e9 Macondo Mallorca, Ecofriendly, sostenible, huerto urbano, saludable, productos locales, comida casera, impacto medioambiental\" \/>\n<meta property=\"og:url\" content=\"https:\/\/cafemacondo.es\/index.php\/medio-ambiental\/\" \/>\n<meta property=\"og:site_name\" content=\"CAF\u00c9 MACONDO\" \/>\n<meta property=\"article:modified_time\" content=\"2021-11-26T10:41:04+00:00\" \/>\n<meta property=\"og:image\" content=\"https:\/\/cafemacondo.es\/wp-content\/uploads\/2021\/11\/jardin.jpg\" \/>\n<meta name=\"twitter:card\" content=\"summary_large_image\" \/>\n<meta name=\"twitter:label1\" content=\"Tiempo de lectura\" \/>\n\t<meta name=\"twitter:data1\" content=\"1 minuto\" \/>\n<script type=\"application\/ld+json\" class=\"yoast-schema-graph\">{\"@context\":\"https:\/\/schema.org\",\"@graph\":[{\"@type\":\"WebPage\",\"@id\":\"https:\/\/cafemacondo.es\/index.php\/medio-ambiental\/\",\"url\":\"https:\/\/cafemacondo.es\/index.php\/medio-ambiental\/\",\"name\":\"MEDIO AMBIENTAL - CAF\u00c9 MACONDO\",\"isPartOf\":{\"@id\":\"https:\/\/cafemacondo.es\/#website\"},\"primaryImageOfPage\":{\"@id\":\"https:\/\/cafemacondo.es\/index.php\/medio-ambiental\/#primaryimage\"},\"image\":{\"@id\":\"https:\/\/cafemacondo.es\/index.php\/medio-ambiental\/#primaryimage\"},\"thumbnailUrl\":\"https:\/\/cafemacondo.es\/wp-content\/uploads\/2021\/11\/jardin.jpg\",\"datePublished\":\"2021-09-28T09:44:40+00:00\",\"dateModified\":\"2021-11-26T10:41:04+00:00\",\"description\":\"Caf\u00e9 Macondo Mallorca, Ecofriendly, sostenible, huerto urbano, saludable, productos locales, comida casera, impacto medioambiental\",\"breadcrumb\":{\"@id\":\"https:\/\/cafemacondo.es\/index.php\/medio-ambiental\/#breadcrumb\"},\"inLanguage\":\"es\",\"potentialAction\":[{\"@type\":\"ReadAction\",\"target\":[\"https:\/\/cafemacondo.es\/index.php\/medio-ambiental\/\"]}]},{\"@type\":\"ImageObject\",\"inLanguage\":\"es\",\"@id\":\"https:\/\/cafemacondo.es\/index.php\/medio-ambiental\/#primaryimage\",\"url\":\"https:\/\/cafemacondo.es\/wp-content\/uploads\/2021\/11\/jardin.jpg\",\"contentUrl\":\"https:\/\/cafemacondo.es\/wp-content\/uploads\/2021\/11\/jardin.jpg\",\"width\":520,\"height\":390},{\"@type\":\"BreadcrumbList\",\"@id\":\"https:\/\/cafemacondo.es\/index.php\/medio-ambiental\/#breadcrumb\",\"itemListElement\":[{\"@type\":\"ListItem\",\"position\":1,\"name\":\"Portada\",\"item\":\"https:\/\/cafemacondo.es\/\"},{\"@type\":\"ListItem\",\"position\":2,\"name\":\"MEDIO AMBIENTAL\"}]},{\"@type\":\"WebSite\",\"@id\":\"https:\/\/cafemacondo.es\/#website\",\"url\":\"https:\/\/cafemacondo.es\/\",\"name\":\"CAF\u00c9 MACONDO\",\"description\":\"\",\"potentialAction\":[{\"@type\":\"SearchAction\",\"target\":{\"@type\":\"EntryPoint\",\"urlTemplate\":\"https:\/\/cafemacondo.es\/?s={search_term_string}\"},\"query-input\":{\"@type\":\"PropertyValueSpecification\",\"valueRequired\":true,\"valueName\":\"search_term_string\"}}],\"inLanguage\":\"es\"}]}<\/script>\n<!-- \/ Yoast SEO plugin. -->","yoast_head_json":{"title":"MEDIO AMBIENTAL - CAF\u00c9 MACONDO","description":"Caf\u00e9 Macondo Mallorca, Ecofriendly, sostenible, huerto urbano, saludable, productos locales, comida casera, impacto medioambiental","robots":{"index":"index","follow":"follow","max-snippet":"max-snippet:-1","max-image-preview":"max-image-preview:large","max-video-preview":"max-video-preview:-1"},"canonical":"https:\/\/cafemacondo.es\/index.php\/medio-ambiental\/","og_locale":"es_ES","og_type":"article","og_title":"MEDIO AMBIENTAL - CAF\u00c9 MACONDO","og_description":"Caf\u00e9 Macondo Mallorca, Ecofriendly, sostenible, huerto urbano, saludable, productos locales, comida casera, impacto medioambiental","og_url":"https:\/\/cafemacondo.es\/index.php\/medio-ambiental\/","og_site_name":"CAF\u00c9 MACONDO","article_modified_time":"2021-11-26T10:41:04+00:00","og_image":[{"url":"https:\/\/cafemacondo.es\/wp-content\/uploads\/2021\/11\/jardin.jpg","type":"","width":"","height":""}],"twitter_card":"summary_large_image","twitter_misc":{"Tiempo de lectura":"1 minuto"},"schema":{"@context":"https:\/\/schema.org","@graph":[{"@type":"WebPage","@id":"https:\/\/cafemacondo.es\/index.php\/medio-ambiental\/","url":"https:\/\/cafemacondo.es\/index.php\/medio-ambiental\/","name":"MEDIO AMBIENTAL - CAF\u00c9 MACONDO","isPartOf":{"@id":"https:\/\/cafemacondo.es\/#website"},"primaryImageOfPage":{"@id":"https:\/\/cafemacondo.es\/index.php\/medio-ambiental\/#primaryimage"},"image":{"@id":"https:\/\/cafemacondo.es\/index.php\/medio-ambiental\/#primaryimage"},"thumbnailUrl":"https:\/\/cafemacondo.es\/wp-content\/uploads\/2021\/11\/jardin.jpg","datePublished":"2021-09-28T09:44:40+00:00","dateModified":"2021-11-26T10:41:04+00:00","description":"Caf\u00e9 Macondo Mallorca, Ecofriendly, sostenible, huerto urbano, saludable, productos locales, comida casera, impacto medioambiental","breadcrumb":{"@id":"https:\/\/cafemacondo.es\/index.php\/medio-ambiental\/#breadcrumb"},"inLanguage":"es","potentialAction":[{"@type":"ReadAction","target":["https:\/\/cafemacondo.es\/index.php\/medio-ambiental\/"]}]},{"@type":"ImageObject","inLanguage":"es","@id":"https:\/\/cafemacondo.es\/index.php\/medio-ambiental\/#primaryimage","url":"https:\/\/cafemacondo.es\/wp-content\/uploads\/2021\/11\/jardin.jpg","contentUrl":"https:\/\/cafemacondo.es\/wp-content\/uploads\/2021\/11\/jardin.jpg","width":520,"height":390},{"@type":"BreadcrumbList","@id":"https:\/\/cafemacondo.es\/index.php\/medio-ambiental\/#breadcrumb","itemListElement":[{"@type":"ListItem","position":1,"name":"Portada","item":"https:\/\/cafemacondo.es\/"},{"@type":"ListItem","position":2,"name":"MEDIO AMBIENTAL"}]},{"@type":"WebSite","@id":"https:\/\/cafemacondo.es\/#website","url":"https:\/\/cafemacondo.es\/","name":"CAF\u00c9 MACONDO","description":"","potentialAction":[{"@type":"SearchAction","target":{"@type":"EntryPoint","urlTemplate":"https:\/\/cafemacondo.es\/?s={search_term_string}"},"query-input":{"@type":"PropertyValueSpecification","valueRequired":true,"valueName":"search_term_string"}}],"inLanguage":"es"}]}},"jetpack_sharing_enabled":true,"_links":{"self":[{"href":"https:\/\/cafemacondo.es\/index.php\/wp-json\/wp\/v2\/pages\/911","targetHints":{"allow":["GET"]}}],"collection":[{"href":"https:\/\/cafemacondo.es\/index.php\/wp-json\/wp\/v2\/pages"}],"about":[{"href":"https:\/\/cafemacondo.es\/index.php\/wp-json\/wp\/v2\/types\/page"}],"author":[{"embeddable":true,"href":"https:\/\/cafemacondo.es\/index.php\/wp-json\/wp\/v2\/users\/1"}],"replies":[{"embeddable":true,"href":"https:\/\/cafemacondo.es\/index.php\/wp-json\/wp\/v2\/comments?post=911"}],"version-history":[{"count":38,"href":"https:\/\/cafemacondo.es\/index.php\/wp-json\/wp\/v2\/pages\/911\/revisions"}],"predecessor-version":[{"id":1722,"href":"https:\/\/cafemacondo.es\/index.php\/wp-json\/wp\/v2\/pages\/911\/revisions\/1722"}],"wp:attachment":[{"href":"https:\/\/cafemacondo.es\/index.php\/wp-json\/wp\/v2\/media?parent=911"}],"curies":[{"name":"wp","href":"https:\/\/api.w.org\/{rel}","templated":true}]}}